{"id":103,"date":"2026-01-29T15:31:06","date_gmt":"2026-01-29T14:31:06","guid":{"rendered":"https:\/\/tupuriacademy.com\/?page_id=103"},"modified":"2026-02-26T00:52:07","modified_gmt":"2026-02-25T23:52:07","slug":"a-propos-de-nous","status":"publish","type":"page","link":"https:\/\/tupuriacademy.com\/?page_id=103","title":{"rendered":"A PROPOS DE NOUS"},"content":{"rendered":"\t\t<div data-elementor-type=\"wp-page\" data-elementor-id=\"103\" class=\"elementor elementor-103\">\n\t\t\t\t<div class=\"elementor-element elementor-element-ce2fcda e-flex e-con-boxed e-con e-parent\" data-id=\"ce2fcda\" data-element_type=\"container\" data-e-type=\"container\">\n\t\t\t\t\t<div class=\"e-con-inner\">\n\t\t\t\t<div class=\"elementor-element elementor-element-fd32563 elementor-widget elementor-widget-heading\" data-id=\"fd32563\" data-element_type=\"widget\" data-e-type=\"widget\" data-widget_type=\"heading.default\">\n\t\t\t\t\t<h2 class=\"elementor-heading-title elementor-size-default\">QUI SOMMES-NOUS ?<\/h2>\t\t\t\t<\/div>\n\t\t\t\t<div class=\"elementor-element elementor-element-625c6a3 elementor-widget elementor-widget-text-editor\" data-id=\"625c6a3\" data-element_type=\"widget\" data-e-type=\"widget\" data-widget_type=\"text-editor.default\">\n\t\t\t\t\t\t\t\t\t<p>Tupuri Language Academy (TLA) est un r\u00e9seau d&rsquo;apprentissage bas\u00e9 au Cameroun qui soutient la revitalisation de la langue Tupuri \u00e0 travers les programmes \u00e9ducatifs, notamment l&rsquo;alphab\u00e9tisation, la traduction et la cr\u00e9ation de contenus (vid\u00e9os, textes, audio), Nous sommes une \u00e9quipe dynamique et ambitieuse constitu\u00e9e d&rsquo;une association d&rsquo;enseignants, de chercheurs et d&rsquo;universitaires, unis pour la protection de la langue Tupuri. En aidant la communaut\u00e9 Tupuri \u00e0 pr\u00e9server sa langue, nous prot\u00e9geons non seulement ses mots, mais \u00e9galement son identit\u00e9 culturelle et son patrimoine. Nous visons \u00e0 promouvoir et \u00e0 valoriser la langue et la culture Tupuri.\u00a0 C&rsquo;est gr\u00e2ce \u00e0 des donateurs comme vous que nous pouvons poursuivre notre mission et \u0153uvrer pour l&rsquo;avenir de cette langue.<\/p><p>Notre mission est de b\u00e2tir et de renforcer les capacit\u00e9s relationnelles de la communaut\u00e9 Tupuri, d&rsquo;effectuer des recherches et de les partager afin de maintenir la survie de la langue, de promouvoir et de valoriser la culture, et de contribuer \u00e0 la r\u00e9volution pour que cette langue perdure. Nous visons \u00e0 construire un monde dans lequel la langue et la communaut\u00e9 Tupuri s&rsquo;\u00e9panouissent. Notre mission est simple : faire en sorte que la communaut\u00e9 Tupuri prosp\u00e8re linguistiquement, et faisant respecter la langue Tupuri.<\/p>\t\t\t\t\t\t\t\t<\/div>\n\t\t\t\t<div class=\"elementor-element elementor-element-5da65a3 elementor-widget elementor-widget-image\" data-id=\"5da65a3\" data-element_type=\"widget\" data-e-type=\"widget\" data-widget_type=\"image.default\">\n\t\t\t\t\t\t\t\t\t\t\t\t\t\t\t<img fetchpriority=\"high\" decoding=\"async\" width=\"1024\" height=\"723\" src=\"https:\/\/tupuriacademy.com\/wp-content\/uploads\/2026\/02\/IMG-20260221-WA0011-1.jpg\" class=\"attachment-large size-large wp-image-584\" alt=\"\" \/>\t\t\t\t\t\t\t\t\t\t\t\t\t\t\t<\/div>\n\t\t\t\t<div class=\"elementor-element elementor-element-e8e947f elementor-widget-divider--view-line elementor-widget elementor-widget-divider\" data-id=\"e8e947f\" data-element_type=\"widget\" data-e-type=\"widget\" data-widget_type=\"divider.default\">\n\t\t\t\t\t\t\t<div class=\"elementor-divider\">\n\t\t\t<span class=\"elementor-divider-separator\">\n\t\t\t\t\t\t<\/span>\n\t\t<\/div>\n\t\t\t\t\t\t<\/div>\n\t\t\t\t<div class=\"elementor-element elementor-element-18dfc1e elementor-widget-divider--view-line elementor-widget elementor-widget-divider\" data-id=\"18dfc1e\" data-element_type=\"widget\" data-e-type=\"widget\" data-widget_type=\"divider.default\">\n\t\t\t\t\t\t\t<div class=\"elementor-divider\">\n\t\t\t<span class=\"elementor-divider-separator\">\n\t\t\t\t\t\t<\/span>\n\t\t<\/div>\n\t\t\t\t\t\t<\/div>\n\t\t\t\t<div class=\"elementor-element elementor-element-2719053 elementor-widget-divider--view-line elementor-widget elementor-widget-divider\" data-id=\"2719053\" data-element_type=\"widget\" data-e-type=\"widget\" data-widget_type=\"divider.default\">\n\t\t\t\t\t\t\t<div class=\"elementor-divider\">\n\t\t\t<span class=\"elementor-divider-separator\">\n\t\t\t\t\t\t<\/span>\n\t\t<\/div>\n\t\t\t\t\t\t<\/div>\n\t\t\t\t<div class=\"elementor-element elementor-element-b0523fd elementor-widget-divider--view-line elementor-widget elementor-widget-divider\" data-id=\"b0523fd\" data-element_type=\"widget\" data-e-type=\"widget\" data-widget_type=\"divider.default\">\n\t\t\t\t\t\t\t<div class=\"elementor-divider\">\n\t\t\t<span class=\"elementor-divider-separator\">\n\t\t\t\t\t\t<\/span>\n\t\t<\/div>\n\t\t\t\t\t\t<\/div>\n\t\t\t\t\t<\/div>\n\t\t\t\t<\/div>\n\t\t<div class=\"elementor-element elementor-element-651b1a2 e-con-full e-flex e-con e-parent\" data-id=\"651b1a2\" data-element_type=\"container\" data-e-type=\"container\">\n\t\t\t\t<div class=\"elementor-element elementor-element-b085344 elementor-widget elementor-widget-heading\" data-id=\"b085344\" data-element_type=\"widget\" data-e-type=\"widget\" data-widget_type=\"heading.default\">\n\t\t\t\t\t<h2 class=\"elementor-heading-title elementor-size-default\">NOS VALEURS<\/h2>\t\t\t\t<\/div>\n\t\t<div class=\"elementor-element elementor-element-1929ac5 e-flex e-con-boxed e-con e-child\" data-id=\"1929ac5\" data-element_type=\"container\" data-e-type=\"container\">\n\t\t\t\t\t<div class=\"e-con-inner\">\n\t\t\t\t<div class=\"elementor-element elementor-element-c807272 elementor-widget elementor-widget-heading\" data-id=\"c807272\" data-element_type=\"widget\" data-e-type=\"widget\" data-widget_type=\"heading.default\">\n\t\t\t\t\t<h2 class=\"elementor-heading-title elementor-size-default\">1.\tL'int\u00e9grit\u00e9 <\/h2>\t\t\t\t<\/div>\n\t\t\t\t<div class=\"elementor-element elementor-element-9cca0a9 elementor-widget elementor-widget-text-editor\" data-id=\"9cca0a9\" data-element_type=\"widget\" data-e-type=\"widget\" data-widget_type=\"text-editor.default\">\n\t\t\t\t\t\t\t\t\t<p>Nous nous comportons de mani\u00e8re \u00e0 honorer nos relations avec la communaut\u00e9 Tupuri, les individus et les organisations. Nous tenons notre parole de mani\u00e8re responsable, communiquons de mani\u00e8re transparente sur notre travail et respectons nos engagements.<\/p>\t\t\t\t\t\t\t\t<\/div>\n\t\t\t\t<div class=\"elementor-element elementor-element-b083115 elementor-widget-divider--view-line elementor-widget elementor-widget-divider\" data-id=\"b083115\" data-element_type=\"widget\" data-e-type=\"widget\" data-widget_type=\"divider.default\">\n\t\t\t\t\t\t\t<div class=\"elementor-divider\">\n\t\t\t<span class=\"elementor-divider-separator\">\n\t\t\t\t\t\t<\/span>\n\t\t<\/div>\n\t\t\t\t\t\t<\/div>\n\t\t\t\t\t<\/div>\n\t\t\t\t<\/div>\n\t\t<div class=\"elementor-element elementor-element-1557c68 e-flex e-con-boxed e-con e-child\" data-id=\"1557c68\" data-element_type=\"container\" data-e-type=\"container\">\n\t\t\t\t\t<div class=\"e-con-inner\">\n\t\t\t\t<div class=\"elementor-element elementor-element-0142702 elementor-widget elementor-widget-heading\" data-id=\"0142702\" data-element_type=\"widget\" data-e-type=\"widget\" data-widget_type=\"heading.default\">\n\t\t\t\t\t<h2 class=\"elementor-heading-title elementor-size-default\">2.\tLe respect et le soutien <\/h2>\t\t\t\t<\/div>\n\t\t\t\t<div class=\"elementor-element elementor-element-14442db elementor-widget elementor-widget-text-editor\" data-id=\"14442db\" data-element_type=\"widget\" data-e-type=\"widget\" data-widget_type=\"text-editor.default\">\n\t\t\t\t\t\t\t\t\t<p>Nous respectons et soutenons la langue Tupuri. Nous affirmons la valeur inh\u00e9rente de cette langue et de chaque communaut\u00e9 linguistique, l&rsquo;autod\u00e9termination des peuples et les droits de cette communaut\u00e9 \u00e0 utiliser, promouvoir et transmettre cette langue de g\u00e9n\u00e9ration en g\u00e9n\u00e9ration.<\/p>\t\t\t\t\t\t\t\t<\/div>\n\t\t\t\t<div class=\"elementor-element elementor-element-8945ecc elementor-widget-divider--view-line elementor-widget elementor-widget-divider\" data-id=\"8945ecc\" data-element_type=\"widget\" data-e-type=\"widget\" data-widget_type=\"divider.default\">\n\t\t\t\t\t\t\t<div class=\"elementor-divider\">\n\t\t\t<span class=\"elementor-divider-separator\">\n\t\t\t\t\t\t<\/span>\n\t\t<\/div>\n\t\t\t\t\t\t<\/div>\n\t\t\t\t\t<\/div>\n\t\t\t\t<\/div>\n\t\t<div class=\"elementor-element elementor-element-9a3a11f e-flex e-con-boxed e-con e-child\" data-id=\"9a3a11f\" data-element_type=\"container\" data-e-type=\"container\">\n\t\t\t\t\t<div class=\"e-con-inner\">\n\t\t\t\t<div class=\"elementor-element elementor-element-3d48fb7 elementor-widget elementor-widget-heading\" data-id=\"3d48fb7\" data-element_type=\"widget\" data-e-type=\"widget\" data-widget_type=\"heading.default\">\n\t\t\t\t\t<h2 class=\"elementor-heading-title elementor-size-default\">3.\tOptimisme<\/h2>\t\t\t\t<\/div>\n\t\t\t\t<div class=\"elementor-element elementor-element-8e04441 elementor-widget elementor-widget-text-editor\" data-id=\"8e04441\" data-element_type=\"widget\" data-e-type=\"widget\" data-widget_type=\"text-editor.default\">\n\t\t\t\t\t\t\t\t\t<p>Nous croyons en la possibilit\u00e9 d&rsquo;obtenir des r\u00e9sultats positifs pour la langue et la communaut\u00e9. Nous adoptons une attitude positive quant au potentiel de revitalisation de la langue Tupuri et nous restons ax\u00e9s sur les solutions face aux d\u00e9fis. Nous favorisons le bien-\u00eatre dans le travail linguistique et reconnaissons le pouvoir de la langue \u00e0 gu\u00e9rir et \u00e0 nourrir.<\/p>\t\t\t\t\t\t\t\t<\/div>\n\t\t\t\t<div class=\"elementor-element elementor-element-058e4a8 elementor-widget-divider--view-line elementor-widget elementor-widget-divider\" data-id=\"058e4a8\" data-element_type=\"widget\" data-e-type=\"widget\" data-widget_type=\"divider.default\">\n\t\t\t\t\t\t\t<div class=\"elementor-divider\">\n\t\t\t<span class=\"elementor-divider-separator\">\n\t\t\t\t\t\t<\/span>\n\t\t<\/div>\n\t\t\t\t\t\t<\/div>\n\t\t\t\t\t<\/div>\n\t\t\t\t<\/div>\n\t\t<div class=\"elementor-element elementor-element-d5ef37d e-flex e-con-boxed e-con e-child\" data-id=\"d5ef37d\" data-element_type=\"container\" data-e-type=\"container\">\n\t\t\t\t\t<div class=\"e-con-inner\">\n\t\t\t\t<div class=\"elementor-element elementor-element-38524e0 elementor-widget elementor-widget-heading\" data-id=\"38524e0\" data-element_type=\"widget\" data-e-type=\"widget\" data-widget_type=\"heading.default\">\n\t\t\t\t\t<h2 class=\"elementor-heading-title elementor-size-default\">4.\tCollaboration et relation<\/h2>\t\t\t\t<\/div>\n\t\t\t\t<div class=\"elementor-element elementor-element-959bb07 elementor-widget elementor-widget-text-editor\" data-id=\"959bb07\" data-element_type=\"widget\" data-e-type=\"widget\" data-widget_type=\"text-editor.default\">\n\t\t\t\t\t\t\t\t\t<p>Nous sommes convaincus que le mouvement en faveur de la diversit\u00e9 linguistique est renforc\u00e9 par la collaboration. Nous privil\u00e9gions les partenariats avec les communaut\u00e9s linguistiques autochtones en danger ou minoritaires \u00e0 travers le monde, et nous engageons \u00e0 travailler ensemble pour promouvoir la langue et la culture Tupuri.<\/p>\t\t\t\t\t\t\t\t<\/div>\n\t\t\t\t<div class=\"elementor-element elementor-element-bddfa4c elementor-widget-divider--view-line elementor-widget elementor-widget-divider\" data-id=\"bddfa4c\" data-element_type=\"widget\" data-e-type=\"widget\" data-widget_type=\"divider.default\">\n\t\t\t\t\t\t\t<div class=\"elementor-divider\">\n\t\t\t<span class=\"elementor-divider-separator\">\n\t\t\t\t\t\t<\/span>\n\t\t<\/div>\n\t\t\t\t\t\t<\/div>\n\t\t\t\t\t<\/div>\n\t\t\t\t<\/div>\n\t\t\t\t<\/div>\n\t\t<div class=\"elementor-element elementor-element-21a616d e-flex e-con-boxed e-con e-child\" data-id=\"21a616d\" data-element_type=\"container\" data-e-type=\"container\">\n\t\t\t\t\t<div class=\"e-con-inner\">\n\t\t\t\t<div class=\"elementor-element elementor-element-2cec0ea elementor-widget elementor-widget-heading\" data-id=\"2cec0ea\" data-element_type=\"widget\" data-e-type=\"widget\" data-widget_type=\"heading.default\">\n\t\t\t\t\t<h2 class=\"elementor-heading-title elementor-size-default\">4.\tPartage et accessibilit\u00e9<\/h2>\t\t\t\t<\/div>\n\t\t\t\t<div class=\"elementor-element elementor-element-372d0aa elementor-widget elementor-widget-text-editor\" data-id=\"372d0aa\" data-element_type=\"widget\" data-e-type=\"widget\" data-widget_type=\"text-editor.default\">\n\t\t\t\t\t\t\t\t\t<p>Nous sommes convaincus que le partage des connaissances et des ressources est essentiel pour soutenir le travail linguistique. Nous partageons nos outils, nos donn\u00e9es et nos exp\u00e9riences pour faciliter l&rsquo;acc\u00e8s \u00e0 l&rsquo;information et promouvoir la collaboration. Nous visons \u00e0 rendre notre travail accessible \u00e0 tous, ind\u00e9pendamment de la langue ou de la zone g\u00e9ographique.<\/p>\t\t\t\t\t\t\t\t<\/div>\n\t\t\t\t<div class=\"elementor-element elementor-element-3995ee5 elementor-widget-divider--view-line elementor-widget elementor-widget-divider\" data-id=\"3995ee5\" data-element_type=\"widget\" data-e-type=\"widget\" data-widget_type=\"divider.default\">\n\t\t\t\t\t\t\t<div class=\"elementor-divider\">\n\t\t\t<span class=\"elementor-divider-separator\">\n\t\t\t\t\t\t<\/span>\n\t\t<\/div>\n\t\t\t\t\t\t<\/div>\n\t\t\t\t\t<\/div>\n\t\t\t\t<\/div>\n\t\t<div class=\"elementor-element elementor-element-b0730b4 e-flex e-con-boxed e-con e-child\" data-id=\"b0730b4\" data-element_type=\"container\" data-e-type=\"container\">\n\t\t\t\t\t<div class=\"e-con-inner\">\n\t\t\t\t<div class=\"elementor-element elementor-element-cdb3fdb elementor-widget elementor-widget-heading\" data-id=\"cdb3fdb\" data-element_type=\"widget\" data-e-type=\"widget\" data-widget_type=\"heading.default\">\n\t\t\t\t\t<h2 class=\"elementor-heading-title elementor-size-default\">4.\tAction \u00e9clair\u00e9e<\/h2>\t\t\t\t<\/div>\n\t\t\t\t<div class=\"elementor-element elementor-element-ea45dc5 elementor-widget elementor-widget-text-editor\" data-id=\"ea45dc5\" data-element_type=\"widget\" data-e-type=\"widget\" data-widget_type=\"text-editor.default\">\n\t\t\t\t\t\t\t\t\t<p>Nous menons et partageons des recherches de haute qualit\u00e9 qui contribuent de mani\u00e8re significative au travail linguistique. Nous reconnaissons la valeur des connaissances traditionnelles et des savoirs locaux, et nous honorons les multiples types de connaissances qui peuvent soutenir la diversit\u00e9 linguistique. Nous nous engageons \u00e0 utiliser ces connaissances pour informer nos actions et nos d\u00e9cisions. Ces valeurs nous guident dans notre mission de promouvoir et de pr\u00e9server la langue et la culture Tupuri, et nous sommes convaincus qu&rsquo;elles sont importantes pour atteindre nos objectifs.<\/p>\t\t\t\t\t\t\t\t<\/div>\n\t\t\t\t<div class=\"elementor-element elementor-element-a6b9710 elementor-widget-divider--view-line elementor-widget elementor-widget-divider\" data-id=\"a6b9710\" data-element_type=\"widget\" data-e-type=\"widget\" data-widget_type=\"divider.default\">\n\t\t\t\t\t\t\t<div class=\"elementor-divider\">\n\t\t\t<span class=\"elementor-divider-separator\">\n\t\t\t\t\t\t<\/span>\n\t\t<\/div>\n\t\t\t\t\t\t<\/div>\n\t\t\t\t\t<\/div>\n\t\t\t\t<\/div>\n\t\t\t\t<\/div>\n\t\t","protected":false},"excerpt":{"rendered":"<p>QUI SOMMES-NOUS ? Tupuri Language Academy (TLA) est un r\u00e9seau d&rsquo;apprentissage bas\u00e9 au Cameroun qui soutient la revitalisation de la langue Tupuri \u00e0 travers les &hellip; <\/p>\n","protected":false},"author":1,"featured_media":0,"parent":0,"menu_order":0,"comment_status":"closed","ping_status":"closed","template":"","meta":{"footnotes":""},"class_list":["post-103","page","type-page","status-publish","hentry"],"_links":{"self":[{"href":"https:\/\/tupuriacademy.com\/index.php?rest_route=\/wp\/v2\/pages\/103","targetHints":{"allow":["GET"]}}],"collection":[{"href":"https:\/\/tupuriacademy.com\/index.php?rest_route=\/wp\/v2\/pages"}],"about":[{"href":"https:\/\/tupuriacademy.com\/index.php?rest_route=\/wp\/v2\/types\/page"}],"author":[{"embeddable":true,"href":"https:\/\/tupuriacademy.com\/index.php?rest_route=\/wp\/v2\/users\/1"}],"replies":[{"embeddable":true,"href":"https:\/\/tupuriacademy.com\/index.php?rest_route=%2Fwp%2Fv2%2Fcomments&post=103"}],"version-history":[{"count":0,"href":"https:\/\/tupuriacademy.com\/index.php?rest_route=\/wp\/v2\/pages\/103\/revisions"}],"wp:attachment":[{"href":"https:\/\/tupuriacademy.com\/index.php?rest_route=%2Fwp%2Fv2%2Fmedia&parent=103"}],"curies":[{"name":"wp","href":"https:\/\/api.w.org\/{rel}","templated":true}]}}