{"id":195,"date":"2026-01-29T23:51:10","date_gmt":"2026-01-29T22:51:10","guid":{"rendered":"https:\/\/tupuriacademy.com\/?page_id=195"},"modified":"2026-02-22T13:40:12","modified_gmt":"2026-02-22T12:40:12","slug":"nos-missions","status":"publish","type":"page","link":"https:\/\/tupuriacademy.com\/?page_id=195","title":{"rendered":"NOS MISSIONS"},"content":{"rendered":"\t\t<div data-elementor-type=\"wp-page\" data-elementor-id=\"195\" class=\"elementor elementor-195\">\n\t\t\t\t<div class=\"elementor-element elementor-element-33173b2 e-flex e-con-boxed e-con e-parent\" data-id=\"33173b2\" data-element_type=\"container\" data-e-type=\"container\">\n\t\t\t\t\t<div class=\"e-con-inner\">\n\t\t\t\t<div class=\"elementor-element elementor-element-17a0b43 elementor-widget-divider--view-line elementor-widget elementor-widget-divider\" data-id=\"17a0b43\" data-element_type=\"widget\" data-e-type=\"widget\" data-widget_type=\"divider.default\">\n\t\t\t\t\t\t\t<div class=\"elementor-divider\">\n\t\t\t<span class=\"elementor-divider-separator\">\n\t\t\t\t\t\t<\/span>\n\t\t<\/div>\n\t\t\t\t\t\t<\/div>\n\t\t\t\t\t<\/div>\n\t\t\t\t<\/div>\n\t\t<div class=\"elementor-element elementor-element-29b1dc2 e-flex e-con-boxed e-con e-parent\" data-id=\"29b1dc2\" data-element_type=\"container\" data-e-type=\"container\">\n\t\t\t\t\t<div class=\"e-con-inner\">\n\t\t<div class=\"elementor-element elementor-element-6412746 e-con-full e-flex e-con e-child\" data-id=\"6412746\" data-element_type=\"container\" data-e-type=\"container\">\n\t\t\t\t<div class=\"elementor-element elementor-element-fb61f28 elementor-widget elementor-widget-text-editor\" data-id=\"fb61f28\" data-element_type=\"widget\" data-e-type=\"widget\" data-widget_type=\"text-editor.default\">\n\t\t\t\t\t\t\t\t\t<p><strong>TLA\u00a0: est une plateforme collaborative d\u00e9di\u00e9e \u00e0 l&rsquo;apprentissage et \u00e0 la promotion de la langue Tupuri. Nous cr\u00e9ons des contenus audiovisuels et textuels pour l&rsquo;alphab\u00e9tisation, la traduction et l&rsquo;enseignement de la langue Tupuri.<\/strong><\/p><p><strong>Notre objectif est de d\u00e9fendre et de promouvoir la langue Tupuri en partageant nos connaissances et ressources avec la communaut\u00e9 internationale, au-del\u00e0 des fronti\u00e8res g\u00e9ographiques et linguistiques. Nous travaillons \u00e0 la cr\u00e9ation de contenus de qualit\u00e9, accessibles et adapt\u00e9s aux besoins de la communaut\u00e9, pour contribuer \u00e0 la pr\u00e9servation et \u00e0 la valorisation de la langue et de la culture Tupuri.<\/strong><\/p>\t\t\t\t\t\t\t\t<\/div>\n\t\t\t\t<\/div>\n\t\t\t\t\t<\/div>\n\t\t\t\t<\/div>\n\t\t<div class=\"elementor-element elementor-element-e975d2e e-flex e-con-boxed e-con e-parent\" data-id=\"e975d2e\" data-element_type=\"container\" data-e-type=\"container\">\n\t\t\t\t\t<div class=\"e-con-inner\">\n\t\t\t\t<div class=\"elementor-element elementor-element-f9c6c12 elementor-widget-divider--view-line elementor-widget elementor-widget-divider\" data-id=\"f9c6c12\" data-element_type=\"widget\" data-e-type=\"widget\" data-widget_type=\"divider.default\">\n\t\t\t\t\t\t\t<div class=\"elementor-divider\">\n\t\t\t<span class=\"elementor-divider-separator\">\n\t\t\t\t\t\t<\/span>\n\t\t<\/div>\n\t\t\t\t\t\t<\/div>\n\t\t\t\t\t<\/div>\n\t\t\t\t<\/div>\n\t\t<div class=\"elementor-element elementor-element-fb63e6f e-con-full e-flex e-con e-parent\" data-id=\"fb63e6f\" data-element_type=\"container\" data-e-type=\"container\">\n\t\t\t\t<div class=\"elementor-element elementor-element-1b7a831 elementor-widget elementor-widget-heading\" data-id=\"1b7a831\" data-element_type=\"widget\" data-e-type=\"widget\" data-widget_type=\"heading.default\">\n\t\t\t\t\t<h2 class=\"elementor-heading-title elementor-size-default\"><b><u>At\u00e9liers d'apprentissage<\/u><\/b><\/h2>\t\t\t\t<\/div>\n\t\t<div class=\"elementor-element elementor-element-b449894 e-con-full e-flex e-con e-child\" data-id=\"b449894\" data-element_type=\"container\" data-e-type=\"container\" data-settings=\"{&quot;background_background&quot;:&quot;slideshow&quot;,&quot;background_slideshow_gallery&quot;:[{&quot;id&quot;:596,&quot;url&quot;:&quot;https:\\\/\\\/tupuriacademy.com\\\/wp-content\\\/uploads\\\/2026\\\/02\\\/M3.png&quot;}],&quot;background_slideshow_slide_duration&quot;:5000,&quot;background_slideshow_slide_transition&quot;:&quot;fade&quot;,&quot;background_slideshow_transition_duration&quot;:500}\">\n\t\t\t\t<div class=\"elementor-element elementor-element-fe97935 elementor-widget elementor-widget-text-editor\" data-id=\"fe97935\" data-element_type=\"widget\" data-e-type=\"widget\" data-widget_type=\"text-editor.default\">\n\t\t\t\t\t\t\t\t\t<p><span style=\"font-size:12.0pt;line-height:115%; font-family:&quot;Times New Roman&quot;,serif;mso-fareast-font-family:SimSun;mso-ansi-language: FR;mso-fareast-language:ZH-CN;mso-bidi-language:AR-SA\">Des sessions pratiques pour apprendre la langue et la culture Tupuri<\/span><\/p>\t\t\t\t\t\t\t\t<\/div>\n\t\t\t\t<div class=\"elementor-element elementor-element-f7e07aa elementor-widget__width-initial e-transform elementor-widget elementor-widget-image\" data-id=\"f7e07aa\" data-element_type=\"widget\" data-e-type=\"widget\" data-settings=\"{&quot;_transform_scale_effect_hover&quot;:{&quot;unit&quot;:&quot;px&quot;,&quot;size&quot;:1.1000000000000001,&quot;sizes&quot;:[]},&quot;_transform_scale_effect_hover_tablet&quot;:{&quot;unit&quot;:&quot;px&quot;,&quot;size&quot;:&quot;&quot;,&quot;sizes&quot;:[]},&quot;_transform_scale_effect_hover_mobile&quot;:{&quot;unit&quot;:&quot;px&quot;,&quot;size&quot;:&quot;&quot;,&quot;sizes&quot;:[]}}\" data-widget_type=\"image.default\">\n\t\t\t\t\t\t\t\t\t\t\t\t\t\t\t<img fetchpriority=\"high\" decoding=\"async\" width=\"300\" height=\"222\" src=\"https:\/\/tupuriacademy.com\/wp-content\/uploads\/2026\/02\/M3.png\" class=\"attachment-medium size-medium wp-image-596\" alt=\"\" \/>\t\t\t\t\t\t\t\t\t\t\t\t\t\t\t<\/div>\n\t\t\t\t<\/div>\n\t\t\t\t<\/div>\n\t\t<div class=\"elementor-element elementor-element-2a4b749 e-flex e-con-boxed e-con e-parent\" data-id=\"2a4b749\" data-element_type=\"container\" data-e-type=\"container\">\n\t\t\t\t\t<div class=\"e-con-inner\">\n\t\t\t\t<div class=\"elementor-element elementor-element-6e31de6 elementor-widget-divider--view-line elementor-widget elementor-widget-divider\" data-id=\"6e31de6\" data-element_type=\"widget\" data-e-type=\"widget\" data-widget_type=\"divider.default\">\n\t\t\t\t\t\t\t<div class=\"elementor-divider\">\n\t\t\t<span class=\"elementor-divider-separator\">\n\t\t\t\t\t\t<\/span>\n\t\t<\/div>\n\t\t\t\t\t\t<\/div>\n\t\t\t\t\t<\/div>\n\t\t\t\t<\/div>\n\t\t<div class=\"elementor-element elementor-element-13eb04e e-con-full e-flex e-con e-parent\" data-id=\"13eb04e\" data-element_type=\"container\" data-e-type=\"container\" data-settings=\"{&quot;background_background&quot;:&quot;slideshow&quot;,&quot;background_slideshow_gallery&quot;:[],&quot;background_slideshow_loop&quot;:&quot;yes&quot;,&quot;background_slideshow_slide_duration&quot;:5000,&quot;background_slideshow_slide_transition&quot;:&quot;fade&quot;,&quot;background_slideshow_transition_duration&quot;:500}\">\n\t\t\t\t<div class=\"elementor-element elementor-element-f93924c elementor-widget elementor-widget-heading\" data-id=\"f93924c\" data-element_type=\"widget\" data-e-type=\"widget\" data-widget_type=\"heading.default\">\n\t\t\t\t\t<h2 class=\"elementor-heading-title elementor-size-default\"><u>Des cours en langue<\/u><\/h2>\t\t\t\t<\/div>\n\t\t<div class=\"elementor-element elementor-element-a641ac7 e-con-full e-flex e-con e-child\" data-id=\"a641ac7\" data-element_type=\"container\" data-e-type=\"container\" data-settings=\"{&quot;background_background&quot;:&quot;slideshow&quot;,&quot;background_slideshow_gallery&quot;:[{&quot;id&quot;:710,&quot;url&quot;:&quot;https:\\\/\\\/tupuriacademy.com\\\/wp-content\\\/uploads\\\/2026\\\/02\\\/alphabet-phonetique-international-francais.jpg&quot;}],&quot;background_slideshow_loop&quot;:&quot;yes&quot;,&quot;background_slideshow_slide_duration&quot;:5000,&quot;background_slideshow_slide_transition&quot;:&quot;fade&quot;,&quot;background_slideshow_transition_duration&quot;:500}\">\n\t\t\t\t<div class=\"elementor-element elementor-element-bc350bd elementor-widget__width-initial e-transform elementor-widget elementor-widget-image\" data-id=\"bc350bd\" data-element_type=\"widget\" data-e-type=\"widget\" data-settings=\"{&quot;_transform_scale_effect_hover&quot;:{&quot;unit&quot;:&quot;px&quot;,&quot;size&quot;:1.1000000000000001,&quot;sizes&quot;:[]},&quot;_transform_scale_effect_hover_tablet&quot;:{&quot;unit&quot;:&quot;px&quot;,&quot;size&quot;:&quot;&quot;,&quot;sizes&quot;:[]},&quot;_transform_scale_effect_hover_mobile&quot;:{&quot;unit&quot;:&quot;px&quot;,&quot;size&quot;:&quot;&quot;,&quot;sizes&quot;:[]}}\" data-widget_type=\"image.default\">\n\t\t\t\t\t\t\t\t\t\t\t\t\t\t\t<img decoding=\"async\" width=\"300\" height=\"222\" src=\"https:\/\/tupuriacademy.com\/wp-content\/uploads\/2026\/02\/M1.png\" class=\"attachment-medium size-medium wp-image-594\" alt=\"\" \/>\t\t\t\t\t\t\t\t\t\t\t\t\t\t\t<\/div>\n\t\t\t\t<div class=\"elementor-element elementor-element-d5eebf8 elementor-widget elementor-widget-text-editor\" data-id=\"d5eebf8\" data-element_type=\"widget\" data-e-type=\"widget\" data-widget_type=\"text-editor.default\">\n\t\t\t\t\t\t\t\t\t<p>Des formations structur\u00e9es pour les d\u00e9butants et les avanc\u00e9s<\/p>\t\t\t\t\t\t\t\t<\/div>\n\t\t\t\t<\/div>\n\t\t\t\t<\/div>\n\t\t<div class=\"elementor-element elementor-element-d6ca2d6 e-flex e-con-boxed e-con e-parent\" data-id=\"d6ca2d6\" data-element_type=\"container\" data-e-type=\"container\">\n\t\t\t\t\t<div class=\"e-con-inner\">\n\t\t\t\t<div class=\"elementor-element elementor-element-7d1edda elementor-widget-divider--view-line elementor-widget elementor-widget-divider\" data-id=\"7d1edda\" data-element_type=\"widget\" data-e-type=\"widget\" data-widget_type=\"divider.default\">\n\t\t\t\t\t\t\t<div class=\"elementor-divider\">\n\t\t\t<span class=\"elementor-divider-separator\">\n\t\t\t\t\t\t<\/span>\n\t\t<\/div>\n\t\t\t\t\t\t<\/div>\n\t\t\t\t\t<\/div>\n\t\t\t\t<\/div>\n\t\t<div class=\"elementor-element elementor-element-d351609 e-flex e-con-boxed e-con e-parent\" data-id=\"d351609\" data-element_type=\"container\" data-e-type=\"container\">\n\t\t\t\t\t<div class=\"e-con-inner\">\n\t\t\t\t<div class=\"elementor-element elementor-element-fe4cb9e elementor-widget elementor-widget-heading\" data-id=\"fe4cb9e\" data-element_type=\"widget\" data-e-type=\"widget\" data-widget_type=\"heading.default\">\n\t\t\t\t\t<h2 class=\"elementor-heading-title elementor-size-default\"><u>Formations en ligne <\/u><\/h2>\t\t\t\t<\/div>\n\t\t<div class=\"elementor-element elementor-element-3316d81 e-con-full e-flex e-con e-child\" data-id=\"3316d81\" data-element_type=\"container\" data-e-type=\"container\">\n\t\t\t\t<div class=\"elementor-element elementor-element-ef383b5 elementor-widget elementor-widget-text-editor\" data-id=\"ef383b5\" data-element_type=\"widget\" data-e-type=\"widget\" data-widget_type=\"text-editor.default\">\n\t\t\t\t\t\t\t\t\t<p style=\"margin-left: 18pt; text-indent: -18pt;\"><!-- [if !supportLists]--><span style=\"font-size: 12.0pt; line-height: 115%; font-family: Symbol; mso-fareast-font-family: Symbol; mso-bidi-font-family: Symbol; mso-ansi-language: FR;\">\u00b7<\/span><span style=\"line-height: 115%;\"><span style=\"font-family: Times New Roman; font-size: xx-small;\"><b>\u00a0<\/b><\/span><\/span><span style=\"font-size: 12.0pt; line-height: 115%; font-family: 'Times New Roman',serif; mso-ansi-language: FR;\"><b>Payantes<\/b> : pour les<br \/>personnes souhaitant acc\u00e9der \u00e0 des contenus sp\u00e9cialis\u00e9s<\/span><\/p><p style=\"margin-left: 18pt; text-indent: -18pt;\"><!-- [if !supportLists]--><span style=\"font-size: 12.0pt; line-height: 115%; font-family: Symbol; mso-fareast-font-family: Symbol; mso-bidi-font-family: Symbol; mso-ansi-language: FR;\">\u00b7<\/span><span style=\"line-height: 115%;\"><span style=\"font-family: Times New Roman; font-size: xx-small;\">\u00a0<\/span><\/span><span style=\"font-size: 12.0pt; line-height: 115%; font-family: 'Times New Roman',serif; mso-ansi-language: FR;\"><b>Gratuites<\/b> : pour les<br \/>membres de la communaut\u00e9 et les personnes int\u00e9ress\u00e9es<\/span><\/p>\t\t\t\t\t\t\t\t<\/div>\n\t\t\t\t<div class=\"elementor-element elementor-element-b41e52f elementor-widget__width-initial e-transform elementor-widget elementor-widget-image\" data-id=\"b41e52f\" data-element_type=\"widget\" data-e-type=\"widget\" data-settings=\"{&quot;_transform_scale_effect_hover&quot;:{&quot;unit&quot;:&quot;px&quot;,&quot;size&quot;:1.1000000000000001,&quot;sizes&quot;:[]},&quot;_transform_scale_effect_hover_tablet&quot;:{&quot;unit&quot;:&quot;px&quot;,&quot;size&quot;:&quot;&quot;,&quot;sizes&quot;:[]},&quot;_transform_scale_effect_hover_mobile&quot;:{&quot;unit&quot;:&quot;px&quot;,&quot;size&quot;:&quot;&quot;,&quot;sizes&quot;:[]}}\" data-widget_type=\"image.default\">\n\t\t\t\t\t\t\t\t\t\t\t\t\t\t\t<img decoding=\"async\" width=\"300\" height=\"222\" src=\"https:\/\/tupuriacademy.com\/wp-content\/uploads\/2026\/02\/M2.png\" class=\"attachment-medium size-medium wp-image-595\" alt=\"\" \/>\t\t\t\t\t\t\t\t\t\t\t\t\t\t\t<\/div>\n\t\t\t\t<\/div>\n\t\t<div class=\"elementor-element elementor-element-8debe05 e-con-full e-flex e-con e-child\" data-id=\"8debe05\" data-element_type=\"container\" data-e-type=\"container\">\n\t\t\t\t<div class=\"elementor-element elementor-element-2a2dff4 elementor-widget-divider--view-line elementor-widget elementor-widget-divider\" data-id=\"2a2dff4\" data-element_type=\"widget\" data-e-type=\"widget\" data-widget_type=\"divider.default\">\n\t\t\t\t\t\t\t<div class=\"elementor-divider\">\n\t\t\t<span class=\"elementor-divider-separator\">\n\t\t\t\t\t\t<\/span>\n\t\t<\/div>\n\t\t\t\t\t\t<\/div>\n\t\t\t\t<\/div>\n\t\t<div class=\"elementor-element elementor-element-61b9a55 e-con-full e-flex e-con e-child\" data-id=\"61b9a55\" data-element_type=\"container\" data-e-type=\"container\">\n\t\t\t\t<div class=\"elementor-element elementor-element-38e8f27 elementor-widget elementor-widget-heading\" data-id=\"38e8f27\" data-element_type=\"widget\" data-e-type=\"widget\" data-widget_type=\"heading.default\">\n\t\t\t\t\t<h2 class=\"elementor-heading-title elementor-size-default\"><u>Information fiable<\/u><\/h2>\t\t\t\t<\/div>\n\t\t<div class=\"elementor-element elementor-element-3517fc3 e-con-full e-flex e-con e-child\" data-id=\"3517fc3\" data-element_type=\"container\" data-e-type=\"container\" data-settings=\"{&quot;background_background&quot;:&quot;slideshow&quot;,&quot;background_slideshow_gallery&quot;:[{&quot;id&quot;:709,&quot;url&quot;:&quot;https:\\\/\\\/tupuriacademy.com\\\/wp-content\\\/uploads\\\/2026\\\/02\\\/How-to-find-nutrition-information-you-can-trust.jpg&quot;}],&quot;background_slideshow_loop&quot;:&quot;yes&quot;,&quot;background_slideshow_slide_duration&quot;:5000,&quot;background_slideshow_slide_transition&quot;:&quot;fade&quot;,&quot;background_slideshow_transition_duration&quot;:500}\">\n\t\t\t\t<div class=\"elementor-element elementor-element-283f69a elementor-widget__width-initial e-transform elementor-widget elementor-widget-image\" data-id=\"283f69a\" data-element_type=\"widget\" data-e-type=\"widget\" data-settings=\"{&quot;_transform_scale_effect_hover&quot;:{&quot;unit&quot;:&quot;px&quot;,&quot;size&quot;:1.1000000000000001,&quot;sizes&quot;:[]},&quot;_transform_scale_effect_hover_tablet&quot;:{&quot;unit&quot;:&quot;px&quot;,&quot;size&quot;:&quot;&quot;,&quot;sizes&quot;:[]},&quot;_transform_scale_effect_hover_mobile&quot;:{&quot;unit&quot;:&quot;px&quot;,&quot;size&quot;:&quot;&quot;,&quot;sizes&quot;:[]}}\" data-widget_type=\"image.default\">\n\t\t\t\t\t\t\t\t\t\t\t\t\t\t\t<img loading=\"lazy\" decoding=\"async\" width=\"300\" height=\"188\" src=\"https:\/\/tupuriacademy.com\/wp-content\/uploads\/2026\/02\/comment-trouver-sources-fiables.jpg\" class=\"attachment-medium size-medium wp-image-701\" alt=\"\" \/>\t\t\t\t\t\t\t\t\t\t\t\t\t\t\t<\/div>\n\t\t\t\t<div class=\"elementor-element elementor-element-6a7c70d elementor-widget elementor-widget-text-editor\" data-id=\"6a7c70d\" data-element_type=\"widget\" data-e-type=\"widget\" data-widget_type=\"text-editor.default\">\n\t\t\t\t\t\t\t\t\t<p><strong>Tupuri Language Academy (TLA)<\/strong> est un programme de revitalisation de la langue Tupuri qui vise \u00e0 soutenir la documentation, l&rsquo;alphab\u00e9tisation et la pr\u00e9servation de la langue Tupuri \u00e0 l&rsquo;\u00e9chelle mondiale.<\/p>\t\t\t\t\t\t\t\t<\/div>\n\t\t\t\t<\/div>\n\t\t<div class=\"elementor-element elementor-element-fe7bf58 e-con-full e-flex e-con e-child\" data-id=\"fe7bf58\" data-element_type=\"container\" data-e-type=\"container\">\n\t\t\t\t<div class=\"elementor-element elementor-element-f53b83b elementor-widget-divider--view-line elementor-widget elementor-widget-divider\" data-id=\"f53b83b\" data-element_type=\"widget\" data-e-type=\"widget\" data-widget_type=\"divider.default\">\n\t\t\t\t\t\t\t<div class=\"elementor-divider\">\n\t\t\t<span class=\"elementor-divider-separator\">\n\t\t\t\t\t\t<\/span>\n\t\t<\/div>\n\t\t\t\t\t\t<\/div>\n\t\t\t\t<\/div>\n\t\t\t\t<\/div>\n\t\t\t\t\t<\/div>\n\t\t\t\t<\/div>\n\t\t<div class=\"elementor-element elementor-element-3f7aa04 e-flex e-con-boxed e-con e-parent\" data-id=\"3f7aa04\" data-element_type=\"container\" data-e-type=\"container\">\n\t\t\t\t\t<div class=\"e-con-inner\">\n\t\t\t\t<div class=\"elementor-element elementor-element-d20ae81 elementor-widget elementor-widget-heading\" data-id=\"d20ae81\" data-element_type=\"widget\" data-e-type=\"widget\" data-widget_type=\"heading.default\">\n\t\t\t\t\t<h2 class=\"elementor-heading-title elementor-size-default\"><b><u>NOS PRINCIPAUX OBJECTIFS<\/u><\/b><\/h2>\t\t\t\t<\/div>\n\t\t\t\t<div class=\"elementor-element elementor-element-ad3d309 elementor-widget elementor-widget-text-editor\" data-id=\"ad3d309\" data-element_type=\"widget\" data-e-type=\"widget\" data-widget_type=\"text-editor.default\">\n\t\t\t\t\t\t\t\t\t<ul><li><strong>La documentation de la langue Tupuri<\/strong><\/li><li><strong>La cr\u00e9ation de contenus pour promouvoir la langue Tupuri<\/strong><\/li><li><strong>La traduction de contenus pour rendre la langue Tupuri accessible \u00e0 tous<\/strong><\/li><\/ul>\t\t\t\t\t\t\t\t<\/div>\n\t\t\t\t\t<\/div>\n\t\t\t\t<\/div>\n\t\t\t\t<\/div>\n\t\t","protected":false},"excerpt":{"rendered":"<p>TLA\u00a0: est une plateforme collaborative d\u00e9di\u00e9e \u00e0 l&rsquo;apprentissage et \u00e0 la promotion de la langue Tupuri. Nous cr\u00e9ons des contenus audiovisuels et textuels pour l&rsquo;alphab\u00e9tisation, &hellip; <\/p>\n","protected":false},"author":1,"featured_media":0,"parent":0,"menu_order":0,"comment_status":"closed","ping_status":"closed","template":"","meta":{"footnotes":""},"class_list":["post-195","page","type-page","status-publish","hentry"],"_links":{"self":[{"href":"https:\/\/tupuriacademy.com\/index.php?rest_route=\/wp\/v2\/pages\/195","targetHints":{"allow":["GET"]}}],"collection":[{"href":"https:\/\/tupuriacademy.com\/index.php?rest_route=\/wp\/v2\/pages"}],"about":[{"href":"https:\/\/tupuriacademy.com\/index.php?rest_route=\/wp\/v2\/types\/page"}],"author":[{"embeddable":true,"href":"https:\/\/tupuriacademy.com\/index.php?rest_route=\/wp\/v2\/users\/1"}],"replies":[{"embeddable":true,"href":"https:\/\/tupuriacademy.com\/index.php?rest_route=%2Fwp%2Fv2%2Fcomments&post=195"}],"version-history":[{"count":0,"href":"https:\/\/tupuriacademy.com\/index.php?rest_route=\/wp\/v2\/pages\/195\/revisions"}],"wp:attachment":[{"href":"https:\/\/tupuriacademy.com\/index.php?rest_route=%2Fwp%2Fv2%2Fmedia&parent=195"}],"curies":[{"name":"wp","href":"https:\/\/api.w.org\/{rel}","templated":true}]}}